{"id":12,"date":"2021-05-26T15:48:01","date_gmt":"2021-05-26T15:48:01","guid":{"rendered":"http:\/\/www.autokulcsod.hu\/?page_id=12"},"modified":"2021-05-31T20:10:04","modified_gmt":"2021-05-31T20:10:04","slug":"elerhetoseg","status":"publish","type":"page","link":"https:\/\/www.autokulcsod.hu\/?page_id=12","title":{"rendered":"El\u00e9rhet\u0151s\u00e9g"},"content":{"rendered":"\n<p class=\"has-primary-color has-text-color has-larger-font-size\"><strong>Munk\u00e1csi Norbert<\/strong><\/p>\n\n\n\n<p class=\"has-text-color has-normal-font-size\" style=\"color:#0075a3\">email: <strong>muepkft@t-online.hu<\/strong><\/p>\n\n\n\n<p class=\"has-text-color has-larger-font-size\" style=\"color:#0075a3\">Google: <strong>Aut\u00f3kulcs-m\u00e1sol\u00e1s<\/strong><\/p>\n\n\n\n<p class=\"has-text-color has-large-font-size\" style=\"color:#0075a3\">Telefonsz\u00e1m: <strong>+36 30 \/6 839 825<\/strong><\/p>\n\n\n\n<p><\/p>\n","protected":false},"excerpt":{"rendered":"<p>Munk\u00e1csi Norbert email: muepkft@t-online.hu Google: Aut\u00f3kulcs-m\u00e1sol\u00e1s Telefonsz\u00e1m: +36 30 \/6 839 825<\/p>\n","protected":false},"author":1,"featured_media":0,"parent":0,"menu_order":0,"comment_status":"closed","ping_status":"closed","template":"","meta":{"footnotes":""},"class_list":["post-12","page","type-page","status-publish","hentry"],"_links":{"self":[{"href":"https:\/\/www.autokulcsod.hu\/index.php?rest_route=\/wp\/v2\/pages\/12"}],"collection":[{"href":"https:\/\/www.autokulcsod.hu\/index.php?rest_route=\/wp\/v2\/pages"}],"about":[{"href":"https:\/\/www.autokulcsod.hu\/index.php?rest_route=\/wp\/v2\/types\/page"}],"author":[{"embeddable":true,"href":"https:\/\/www.autokulcsod.hu\/index.php?rest_route=\/wp\/v2\/users\/1"}],"replies":[{"embeddable":true,"href":"https:\/\/www.autokulcsod.hu\/index.php?rest_route=%2Fwp%2Fv2%2Fcomments&post=12"}],"version-history":[{"count":4,"href":"https:\/\/www.autokulcsod.hu\/index.php?rest_route=\/wp\/v2\/pages\/12\/revisions"}],"predecessor-version":[{"id":119,"href":"https:\/\/www.autokulcsod.hu\/index.php?rest_route=\/wp\/v2\/pages\/12\/revisions\/119"}],"wp:attachment":[{"href":"https:\/\/www.autokulcsod.hu\/index.php?rest_route=%2Fwp%2Fv2%2Fmedia&parent=12"}],"curies":[{"name":"wp","href":"https:\/\/api.w.org\/{rel}","templated":true}]}}