{"id":11,"date":"2021-05-26T15:48:01","date_gmt":"2021-05-26T15:48:01","guid":{"rendered":"http:\/\/www.autokulcsod.hu\/?page_id=11"},"modified":"2021-05-31T20:50:41","modified_gmt":"2021-05-31T20:50:41","slug":"rolunk","status":"publish","type":"page","link":"https:\/\/www.autokulcsod.hu\/?page_id=11","title":{"rendered":"Aut\u00f3kulcs k\u00e9sz\u00edt\u00e9se CNC technol\u00f3gi\u00e1val"},"content":{"rendered":"\n<ul class=\"has-accent-color has-text-color wp-block-list\"><li><strong>AUT\u00d3KULCS K\u00c9SZ\u00cdT\u00c9S M\u00c1SOL\u00c1S, PROGRAMOZ\u00c1S TAN\u00cdT\u00c1S ,\u00daJ KULCS HOZZ\u00c1AD\u00c1SA AK\u00c1R A HELYSZ\u00cdNEN IS<\/strong><\/li><\/ul>\n\n\n\n<ul class=\"has-accent-color has-text-color wp-block-list\"><li><strong>NEM KL\u00d3N KULCS K\u00c9SZ\u00cdT\u00c9S!<\/strong><\/li><li><strong>TELJES \u00c9RT\u00c9K\u0170 KULCS HOZZ\u00c1AD\u00c1SA AZ IMMOBILISER EGYS\u00c9GHEZ.<\/strong><\/li><\/ul>\n\n\n\n<p><\/p>\n\n\n\n<blockquote class=\"wp-block-quote is-layout-flow wp-block-quote-is-layout-flow\"><p><strong>MERCEDES<\/strong> IR KULCS K\u00c9SZ\u00cdT\u00c9S 1999 -2015 MODELLEK (HA MINDEN KULCS ELVESZETT AKKOR IS KERESS BIZALOMMAL)<\/p><p><strong>BMW<\/strong> KULCSOK K\u00c9SZ\u00cdT\u00c9SE OLDAMART \u00c9S LAPONMART EWS \u00c9S CAS KULCSOK.<\/p><p><strong>VOLKSWAGEN <\/strong>KULCSOK K\u00c9SZ\u00cdT\u00c9SE T\u00d6BBF\u00c9LE T\u00cdPUS (BICSKAKULCSOK, SMART KULCSOK AK\u00c1R EREDETI KIVITELBEN)<\/p><p><strong>RENAULT<\/strong> SMART K\u00c1RTY\u00c1K PROGRAMOZ\u00c1SA 2,3,4, GOMBOS KIVITELBEN TRAFIC ,CLIO ,KANG\u00d3<\/p><p><strong>FORD<\/strong> , MAZDA KULCSOK K\u00c9SZ\u00cdT\u00c9SE<\/p><p><strong>PEUGEOT, CITROEN, FIAT <\/strong>KULCSOK<\/p><p><strong>HONDA , TOYOTA<\/strong>  KULCSOK ,BICSKA KULCSOK H\u00c1ZAK , KEYLESS GO SMART KULCSOK<\/p><p><strong>HYUNDAI, KIA, SUZUKI<\/strong> KULCSOK H\u00c1ZAK<\/p><p><strong>T\u00c1VIR\u00c1NY\u00cdT\u00d3K<\/strong> PROGRAMOZ\u00c1SA <\/p><p><strong>MOTORKER\u00c9KP\u00c1R KULCSOK<\/strong>  (HONDA,SUZUKI,YAMAHA,KAWASAKI,) TRANSPONDERES KULCSOK K\u00c9SZ\u00cdT\u00c9SE<\/p><\/blockquote>\n","protected":false},"excerpt":{"rendered":"<p>AUT\u00d3KULCS K\u00c9SZ\u00cdT\u00c9S M\u00c1SOL\u00c1S, PROGRAMOZ\u00c1S TAN\u00cdT\u00c1S ,\u00daJ KULCS HOZZ\u00c1AD\u00c1SA AK\u00c1R A HELYSZ\u00cdNEN IS NEM KL\u00d3N KULCS K\u00c9SZ\u00cdT\u00c9S! TELJES \u00c9RT\u00c9K\u0170 KULCS HOZZ\u00c1AD\u00c1SA AZ IMMOBILISER EGYS\u00c9GHEZ. MERCEDES IR KULCS K\u00c9SZ\u00cdT\u00c9S 1999 -2015 MODELLEK (HA MINDEN KULCS ELVESZETT AKKOR IS KERESS BIZALOMMAL) BMW KULCSOK K\u00c9SZ\u00cdT\u00c9SE OLDAMART \u00c9S LAPONMART EWS \u00c9S CAS KULCSOK. VOLKSWAGEN KULCSOK K\u00c9SZ\u00cdT\u00c9SE T\u00d6BBF\u00c9LE T\u00cdPUS (BICSKAKULCSOK, SMART [&hellip;]<\/p>\n","protected":false},"author":1,"featured_media":0,"parent":0,"menu_order":0,"comment_status":"closed","ping_status":"closed","template":"","meta":{"footnotes":""},"class_list":["post-11","page","type-page","status-publish","hentry"],"_links":{"self":[{"href":"https:\/\/www.autokulcsod.hu\/index.php?rest_route=\/wp\/v2\/pages\/11"}],"collection":[{"href":"https:\/\/www.autokulcsod.hu\/index.php?rest_route=\/wp\/v2\/pages"}],"about":[{"href":"https:\/\/www.autokulcsod.hu\/index.php?rest_route=\/wp\/v2\/types\/page"}],"author":[{"embeddable":true,"href":"https:\/\/www.autokulcsod.hu\/index.php?rest_route=\/wp\/v2\/users\/1"}],"replies":[{"embeddable":true,"href":"https:\/\/www.autokulcsod.hu\/index.php?rest_route=%2Fwp%2Fv2%2Fcomments&post=11"}],"version-history":[{"count":14,"href":"https:\/\/www.autokulcsod.hu\/index.php?rest_route=\/wp\/v2\/pages\/11\/revisions"}],"predecessor-version":[{"id":142,"href":"https:\/\/www.autokulcsod.hu\/index.php?rest_route=\/wp\/v2\/pages\/11\/revisions\/142"}],"wp:attachment":[{"href":"https:\/\/www.autokulcsod.hu\/index.php?rest_route=%2Fwp%2Fv2%2Fmedia&parent=11"}],"curies":[{"name":"wp","href":"https:\/\/api.w.org\/{rel}","templated":true}]}}